{"id":52975,"date":"2023-10-25T11:13:50","date_gmt":"2023-10-25T09:13:50","guid":{"rendered":"https:\/\/spoedposthaarlem.mindd.dev\/?page_id=52975"},"modified":"2025-11-05T13:57:03","modified_gmt":"2025-11-05T12:57:03","slug":"over-ons","status":"publish","type":"page","link":"https:\/\/spoedposthaarlem.nl\/fr\/over-ons\/","title":{"rendered":"Over ons"},"content":{"rendered":"\n\n\n<p>In HZK Spoedzorg BV zijn de praktijk-houdende huisartsen uit de regio Zuid-Kennemerland en Velsen verenigd. Het gaat om een regio met ongeveer 300.000\u00a0inwoners. De in dit gebied gevestigde huisartsen zijn gezamenlijk\u00a0verantwoordelijk voor het invullen van de diensten op de Huisartsen-Spoedpost\u00a0in Haarlem Noord en Haarlem Zuid.<\/p>\n\n\n\n<p>HZK Spoedzorg BV regelt namens hen de spoedeisende huisartsenzorg in de avond-, nacht-en weekend uren en is onderdeel van de overkoepelende Huisartsen Co\u00f6peratie\u00a0Zuid Kennemerland. De HCZK is het beleidsbepalend orgaan van de huisartsen\u00a0en richt zich verder op de brede ondersteuning van de dagelijkse huisartsenzorg,\u00a0inclusief de multidisciplinaire chronische zorg.<\/p>\n\n\n\n<p>HZK Spoedzorg BV werkt bijzonder nauw samen met het Spoedpost-management en de\u00a0Raad van Bestuur van het Spaarne Gasthuis. Vrijwel alle uitvoerende taken<br>zijn gedelegeerd aan de ziekenhuisorganisatie, het ondersteunend personeel van\u00a0de Spoedpost is ook in dienst van het Spaarne Gasthuis. Op deze wijze kan er op\u00a0de Spoedpost nauw worden samen gewerkt tussen huisartsen, SEH artsen en\u00a0medisch specialisten. HZK Spoedzorg BV\u00a0heeft verder ook bestuurlijke contacten met de ketenpartners van de spoedzorg,\u00a0de ambulancediensten, de GGZ, de thuiszorgorganisaties en de\u00a0dienstapotheek.<\/p>\n\n\n\n<p>Jaarlijks organiseert HZK Spoedzorg BV scholing in spoedeisende geneeskunde voor\u00a0de aangesloten huisartsen en hun waarnemers.<\/p>\n","protected":false},"excerpt":{"rendered":"<p>In HZK Spoedzorg BV zijn de praktijk-houdende huisartsen uit de regio Zuid-Kennemerland en Velsen verenigd. Het gaat om een regio met ongeveer 300.000\u00a0inwoners. De in dit gebied gevestigde huisartsen zijn gezamenlijk\u00a0verantwoordelijk voor het invullen van de diensten op de Huisartsen-Spoedpost\u00a0in Haarlem Noord en Haarlem Zuid. HZK Spoedzorg BV regelt namens hen de spoedeisende huisartsenzorg in [&hellip;]<\/p>\n","protected":false},"author":3,"featured_media":0,"parent":0,"menu_order":0,"comment_status":"closed","ping_status":"closed","template":"","meta":{"_acf_changed":false,"_trash_the_other_posts":false,"editor_notices":[],"footnotes":""},"class_list":["post-52975","page","type-page","status-publish","hentry"],"acf":[],"yoast_head":"<!-- This site is optimized with the Yoast SEO plugin v26.6 - https:\/\/yoast.com\/wordpress\/plugins\/seo\/ -->\n<title>Over ons - Spoedpost Haarlem - Fran\u00e7ais<\/title>\n<meta name=\"robots\" content=\"noindex, follow, max-snippet:-1, max-image-preview:large, max-video-preview:-1\" \/>\n<meta property=\"og:locale\" content=\"fr_FR\" \/>\n<meta property=\"og:type\" content=\"article\" \/>\n<meta property=\"og:title\" content=\"Over ons - Spoedpost Haarlem - Fran\u00e7ais\" \/>\n<meta property=\"og:description\" content=\"In HZK Spoedzorg BV zijn de praktijk-houdende huisartsen uit de regio Zuid-Kennemerland en Velsen verenigd. Het gaat om een regio met ongeveer 300.000\u00a0inwoners. De in dit gebied gevestigde huisartsen zijn gezamenlijk\u00a0verantwoordelijk voor het invullen van de diensten op de Huisartsen-Spoedpost\u00a0in Haarlem Noord en Haarlem Zuid. HZK Spoedzorg BV regelt namens hen de spoedeisende huisartsenzorg in [&hellip;]\" \/>\n<meta property=\"og:url\" content=\"https:\/\/spoedposthaarlem.nl\/fr\/over-ons\/\" \/>\n<meta property=\"og:site_name\" content=\"Spoedpost Haarlem - Fran\u00e7ais\" \/>\n<meta property=\"article:modified_time\" content=\"2025-11-05T12:57:03+00:00\" \/>\n<meta name=\"twitter:card\" content=\"summary_large_image\" \/>\n<meta name=\"twitter:label1\" content=\"Dur\u00e9e de lecture estim\u00e9e\" \/>\n\t<meta name=\"twitter:data1\" content=\"1 minute\" \/>\n<script type=\"application\/ld+json\" class=\"yoast-schema-graph\">{\"@context\":\"https:\/\/schema.org\",\"@graph\":[{\"@type\":\"WebPage\",\"@id\":\"https:\/\/spoedposthaarlem.nl\/fr\/over-ons\/\",\"url\":\"https:\/\/spoedposthaarlem.nl\/fr\/over-ons\/\",\"name\":\"Over ons - Spoedpost Haarlem - Fran\u00e7ais\",\"isPartOf\":{\"@id\":\"https:\/\/spoedposthaarlem.nl\/fr\/#website\"},\"datePublished\":\"2023-10-25T09:13:50+00:00\",\"dateModified\":\"2025-11-05T12:57:03+00:00\",\"breadcrumb\":{\"@id\":\"https:\/\/spoedposthaarlem.nl\/fr\/over-ons\/#breadcrumb\"},\"inLanguage\":\"fr-FR\",\"potentialAction\":[{\"@type\":\"ReadAction\",\"target\":[\"https:\/\/spoedposthaarlem.nl\/fr\/over-ons\/\"]}]},{\"@type\":\"BreadcrumbList\",\"@id\":\"https:\/\/spoedposthaarlem.nl\/fr\/over-ons\/#breadcrumb\",\"itemListElement\":[{\"@type\":\"ListItem\",\"position\":1,\"name\":\"Home\",\"item\":\"https:\/\/spoedposthaarlem.nl\/fr\/\"},{\"@type\":\"ListItem\",\"position\":2,\"name\":\"Over ons\"}]},{\"@type\":\"WebSite\",\"@id\":\"https:\/\/spoedposthaarlem.nl\/fr\/#website\",\"url\":\"https:\/\/spoedposthaarlem.nl\/fr\/\",\"name\":\"Spoedpost Haarlem - Fran\u00e7ais\",\"description\":\"\",\"potentialAction\":[{\"@type\":\"SearchAction\",\"target\":{\"@type\":\"EntryPoint\",\"urlTemplate\":\"https:\/\/spoedposthaarlem.nl\/fr\/?s={search_term_string}\"},\"query-input\":{\"@type\":\"PropertyValueSpecification\",\"valueRequired\":true,\"valueName\":\"search_term_string\"}}],\"inLanguage\":\"fr-FR\"}]}<\/script>\n<!-- \/ Yoast SEO plugin. -->","yoast_head_json":{"title":"Over ons - Spoedpost Haarlem - Fran\u00e7ais","robots":{"index":"noindex","follow":"follow","max-snippet":"max-snippet:-1","max-image-preview":"max-image-preview:large","max-video-preview":"max-video-preview:-1"},"og_locale":"fr_FR","og_type":"article","og_title":"Over ons - Spoedpost Haarlem - Fran\u00e7ais","og_description":"In HZK Spoedzorg BV zijn de praktijk-houdende huisartsen uit de regio Zuid-Kennemerland en Velsen verenigd. Het gaat om een regio met ongeveer 300.000\u00a0inwoners. De in dit gebied gevestigde huisartsen zijn gezamenlijk\u00a0verantwoordelijk voor het invullen van de diensten op de Huisartsen-Spoedpost\u00a0in Haarlem Noord en Haarlem Zuid. HZK Spoedzorg BV regelt namens hen de spoedeisende huisartsenzorg in [&hellip;]","og_url":"https:\/\/spoedposthaarlem.nl\/fr\/over-ons\/","og_site_name":"Spoedpost Haarlem - Fran\u00e7ais","article_modified_time":"2025-11-05T12:57:03+00:00","twitter_card":"summary_large_image","twitter_misc":{"Dur\u00e9e de lecture estim\u00e9e":"1 minute"},"schema":{"@context":"https:\/\/schema.org","@graph":[{"@type":"WebPage","@id":"https:\/\/spoedposthaarlem.nl\/fr\/over-ons\/","url":"https:\/\/spoedposthaarlem.nl\/fr\/over-ons\/","name":"Over ons - Spoedpost Haarlem - Fran\u00e7ais","isPartOf":{"@id":"https:\/\/spoedposthaarlem.nl\/fr\/#website"},"datePublished":"2023-10-25T09:13:50+00:00","dateModified":"2025-11-05T12:57:03+00:00","breadcrumb":{"@id":"https:\/\/spoedposthaarlem.nl\/fr\/over-ons\/#breadcrumb"},"inLanguage":"fr-FR","potentialAction":[{"@type":"ReadAction","target":["https:\/\/spoedposthaarlem.nl\/fr\/over-ons\/"]}]},{"@type":"BreadcrumbList","@id":"https:\/\/spoedposthaarlem.nl\/fr\/over-ons\/#breadcrumb","itemListElement":[{"@type":"ListItem","position":1,"name":"Home","item":"https:\/\/spoedposthaarlem.nl\/fr\/"},{"@type":"ListItem","position":2,"name":"Over ons"}]},{"@type":"WebSite","@id":"https:\/\/spoedposthaarlem.nl\/fr\/#website","url":"https:\/\/spoedposthaarlem.nl\/fr\/","name":"Spoedpost Haarlem - Fran\u00e7ais","description":"","potentialAction":[{"@type":"SearchAction","target":{"@type":"EntryPoint","urlTemplate":"https:\/\/spoedposthaarlem.nl\/fr\/?s={search_term_string}"},"query-input":{"@type":"PropertyValueSpecification","valueRequired":true,"valueName":"search_term_string"}}],"inLanguage":"fr-FR"}]}},"_links":{"self":[{"href":"https:\/\/spoedposthaarlem.nl\/fr\/wp-json\/wp\/v2\/pages\/52975","targetHints":{"allow":["GET"]}}],"collection":[{"href":"https:\/\/spoedposthaarlem.nl\/fr\/wp-json\/wp\/v2\/pages"}],"about":[{"href":"https:\/\/spoedposthaarlem.nl\/fr\/wp-json\/wp\/v2\/types\/page"}],"author":[{"embeddable":true,"href":"https:\/\/spoedposthaarlem.nl\/fr\/wp-json\/wp\/v2\/users\/3"}],"replies":[{"embeddable":true,"href":"https:\/\/spoedposthaarlem.nl\/fr\/wp-json\/wp\/v2\/comments?post=52975"}],"version-history":[{"count":1,"href":"https:\/\/spoedposthaarlem.nl\/fr\/wp-json\/wp\/v2\/pages\/52975\/revisions"}],"predecessor-version":[{"id":53846,"href":"https:\/\/spoedposthaarlem.nl\/fr\/wp-json\/wp\/v2\/pages\/52975\/revisions\/53846"}],"wp:attachment":[{"href":"https:\/\/spoedposthaarlem.nl\/fr\/wp-json\/wp\/v2\/media?parent=52975"}],"curies":[{"name":"wp","href":"https:\/\/api.w.org\/{rel}","templated":true}]}}